{"id":1566,"date":"2021-06-18T10:50:31","date_gmt":"2021-06-18T08:50:31","guid":{"rendered":"https:\/\/gronfa.nl\/branchen\/voedingsmiddelenindustrie\/"},"modified":"2021-12-15T14:19:39","modified_gmt":"2021-12-15T13:19:39","slug":"nahrungsmittelindustrie","status":"publish","type":"page","link":"https:\/\/gronfa.nl\/de\/branchen\/nahrungsmittelindustrie\/","title":{"rendered":"Nahrungsmittelindustrie"},"content":{"rendered":"\n<p>In der Lebensmittel- und Getr\u00e4nkeindustrie werden Sie auf verschiedene Arten von Gronfa-Prozessanlagen sto\u00dfen. Einige Beispiele:<\/p>\n\n\n\n<ul class=\"wp-block-list\"><li>R\u00fchrwerke f\u00fcr Backwaren<\/li><li>Homogenisatoren f\u00fcr S\u00e4uglingsnahrung und Mayonnaise<\/li><li>Re-Work-Anlagen<\/li><li>Mahl- und Abf\u00fcllanlagen, z.B. f\u00fcr Erdnusspaste<\/li><li>und einige mehr.<\/li><\/ul>\n","protected":false},"excerpt":{"rendered":"<p>In der Lebensmittel- und Getr\u00e4nkeindustrie werden Sie auf verschiedene Arten von Gronfa-Prozessanlagen sto\u00dfen. Einige Beispiele: R\u00fchrwerke f\u00fcr Backwaren Homogenisatoren f\u00fcr S\u00e4uglingsnahrung und Mayonnaise Re-Work-Anlagen Mahl- und Abf\u00fcllanlagen, z.B. f\u00fcr Erdnusspaste und einige mehr.<\/p>\n","protected":false},"author":1,"featured_media":0,"parent":1559,"menu_order":1,"comment_status":"closed","ping_status":"closed","template":"template-single-industry.blade.php","meta":{"_acf_changed":false,"inline_featured_image":false,"footnotes":""},"class_list":["post-1566","page","type-page","status-publish","hentry"],"acf":[],"yoast_head":"<!-- This site is optimized with the Yoast SEO plugin v26.8 - https:\/\/yoast.com\/product\/yoast-seo-wordpress\/ -->\n<title>Nahrungsmittelindustrie - Gronfa Procestechniek<\/title>\n<meta name=\"robots\" content=\"index, follow, max-snippet:-1, max-image-preview:large, max-video-preview:-1\" \/>\n<link rel=\"canonical\" href=\"https:\/\/gronfa.nl\/de\/branchen\/nahrungsmittelindustrie\/\" \/>\n<meta property=\"og:locale\" content=\"de_DE\" \/>\n<meta property=\"og:type\" content=\"article\" \/>\n<meta property=\"og:title\" content=\"Nahrungsmittelindustrie - Gronfa Procestechniek\" \/>\n<meta property=\"og:description\" content=\"In der Lebensmittel- und Getr\u00e4nkeindustrie werden Sie auf verschiedene Arten von Gronfa-Prozessanlagen sto\u00dfen. Einige Beispiele: R\u00fchrwerke f\u00fcr Backwaren Homogenisatoren f\u00fcr S\u00e4uglingsnahrung und Mayonnaise Re-Work-Anlagen Mahl- und Abf\u00fcllanlagen, z.B. f\u00fcr Erdnusspaste und einige mehr.\" \/>\n<meta property=\"og:url\" content=\"https:\/\/gronfa.nl\/de\/branchen\/nahrungsmittelindustrie\/\" \/>\n<meta property=\"og:site_name\" content=\"Gronfa Procestechniek\" \/>\n<meta property=\"article:modified_time\" content=\"2021-12-15T13:19:39+00:00\" \/>\n<meta property=\"og:image\" content=\"https:\/\/gronfa.nl\/app\/uploads\/2022\/02\/Open-graph-Gronfa-1024x538.png\" \/>\n\t<meta property=\"og:image:width\" content=\"1024\" \/>\n\t<meta property=\"og:image:height\" content=\"538\" \/>\n\t<meta property=\"og:image:type\" content=\"image\/png\" \/>\n<meta name=\"twitter:card\" content=\"summary_large_image\" \/>\n<meta name=\"twitter:label1\" content=\"Est. reading time\" \/>\n\t<meta name=\"twitter:data1\" content=\"1 minute\" \/>\n<script type=\"application\/ld+json\" class=\"yoast-schema-graph\">{\"@context\":\"https:\/\/schema.org\",\"@graph\":[{\"@type\":\"WebPage\",\"@id\":\"https:\/\/gronfa.nl\/de\/branchen\/nahrungsmittelindustrie\/\",\"url\":\"https:\/\/gronfa.nl\/de\/branchen\/nahrungsmittelindustrie\/\",\"name\":\"Nahrungsmittelindustrie - Gronfa Procestechniek\",\"isPartOf\":{\"@id\":\"https:\/\/gronfa.nl\/de\/#website\"},\"datePublished\":\"2021-06-18T08:50:31+00:00\",\"dateModified\":\"2021-12-15T13:19:39+00:00\",\"breadcrumb\":{\"@id\":\"https:\/\/gronfa.nl\/de\/branchen\/nahrungsmittelindustrie\/#breadcrumb\"},\"inLanguage\":\"de-DE\",\"potentialAction\":[{\"@type\":\"ReadAction\",\"target\":[\"https:\/\/gronfa.nl\/de\/branchen\/nahrungsmittelindustrie\/\"]}]},{\"@type\":\"BreadcrumbList\",\"@id\":\"https:\/\/gronfa.nl\/de\/branchen\/nahrungsmittelindustrie\/#breadcrumb\",\"itemListElement\":[{\"@type\":\"ListItem\",\"position\":1,\"name\":\"Home\",\"item\":\"https:\/\/gronfa.nl\/de\/\"},{\"@type\":\"ListItem\",\"position\":2,\"name\":\"Branchen\",\"item\":\"https:\/\/gronfa.nl\/de\/branchen\/\"},{\"@type\":\"ListItem\",\"position\":3,\"name\":\"Nahrungsmittelindustrie\"}]},{\"@type\":\"WebSite\",\"@id\":\"https:\/\/gronfa.nl\/de\/#website\",\"url\":\"https:\/\/gronfa.nl\/de\/\",\"name\":\"Gronfa Procestechniek\",\"description\":\"Ideale Mischung aus Qualit\u00e4t und Service\",\"publisher\":{\"@id\":\"https:\/\/gronfa.nl\/de\/#organization\"},\"potentialAction\":[{\"@type\":\"SearchAction\",\"target\":{\"@type\":\"EntryPoint\",\"urlTemplate\":\"https:\/\/gronfa.nl\/de\/?s={search_term_string}\"},\"query-input\":{\"@type\":\"PropertyValueSpecification\",\"valueRequired\":true,\"valueName\":\"search_term_string\"}}],\"inLanguage\":\"de-DE\"},{\"@type\":\"Organization\",\"@id\":\"https:\/\/gronfa.nl\/de\/#organization\",\"name\":\"Gronfa Procestechniek B.V.\",\"url\":\"https:\/\/gronfa.nl\/de\/\",\"logo\":{\"@type\":\"ImageObject\",\"inLanguage\":\"de-DE\",\"@id\":\"https:\/\/gronfa.nl\/de\/#\/schema\/logo\/image\/\",\"url\":\"https:\/\/gronfa.nl\/app\/uploads\/2022\/02\/logo-gronfa-procestechniek.svg\",\"contentUrl\":\"https:\/\/gronfa.nl\/app\/uploads\/2022\/02\/logo-gronfa-procestechniek.svg\",\"width\":241,\"height\":90,\"caption\":\"Gronfa Procestechniek B.V.\"},\"image\":{\"@id\":\"https:\/\/gronfa.nl\/de\/#\/schema\/logo\/image\/\"},\"sameAs\":[\"https:\/\/www.linkedin.com\/company\/gronfa-procestechniek-b.v.\/\"]}]}<\/script>\n<!-- \/ Yoast SEO plugin. -->","yoast_head_json":{"title":"Nahrungsmittelindustrie - Gronfa Procestechniek","robots":{"index":"index","follow":"follow","max-snippet":"max-snippet:-1","max-image-preview":"max-image-preview:large","max-video-preview":"max-video-preview:-1"},"canonical":"https:\/\/gronfa.nl\/de\/branchen\/nahrungsmittelindustrie\/","og_locale":"de_DE","og_type":"article","og_title":"Nahrungsmittelindustrie - Gronfa Procestechniek","og_description":"In der Lebensmittel- und Getr\u00e4nkeindustrie werden Sie auf verschiedene Arten von Gronfa-Prozessanlagen sto\u00dfen. Einige Beispiele: R\u00fchrwerke f\u00fcr Backwaren Homogenisatoren f\u00fcr S\u00e4uglingsnahrung und Mayonnaise Re-Work-Anlagen Mahl- und Abf\u00fcllanlagen, z.B. f\u00fcr Erdnusspaste und einige mehr.","og_url":"https:\/\/gronfa.nl\/de\/branchen\/nahrungsmittelindustrie\/","og_site_name":"Gronfa Procestechniek","article_modified_time":"2021-12-15T13:19:39+00:00","og_image":[{"width":1024,"height":538,"url":"https:\/\/gronfa.nl\/app\/uploads\/2022\/02\/Open-graph-Gronfa-1024x538.png","type":"image\/png"}],"twitter_card":"summary_large_image","twitter_misc":{"Est. reading time":"1 minute"},"schema":{"@context":"https:\/\/schema.org","@graph":[{"@type":"WebPage","@id":"https:\/\/gronfa.nl\/de\/branchen\/nahrungsmittelindustrie\/","url":"https:\/\/gronfa.nl\/de\/branchen\/nahrungsmittelindustrie\/","name":"Nahrungsmittelindustrie - Gronfa Procestechniek","isPartOf":{"@id":"https:\/\/gronfa.nl\/de\/#website"},"datePublished":"2021-06-18T08:50:31+00:00","dateModified":"2021-12-15T13:19:39+00:00","breadcrumb":{"@id":"https:\/\/gronfa.nl\/de\/branchen\/nahrungsmittelindustrie\/#breadcrumb"},"inLanguage":"de-DE","potentialAction":[{"@type":"ReadAction","target":["https:\/\/gronfa.nl\/de\/branchen\/nahrungsmittelindustrie\/"]}]},{"@type":"BreadcrumbList","@id":"https:\/\/gronfa.nl\/de\/branchen\/nahrungsmittelindustrie\/#breadcrumb","itemListElement":[{"@type":"ListItem","position":1,"name":"Home","item":"https:\/\/gronfa.nl\/de\/"},{"@type":"ListItem","position":2,"name":"Branchen","item":"https:\/\/gronfa.nl\/de\/branchen\/"},{"@type":"ListItem","position":3,"name":"Nahrungsmittelindustrie"}]},{"@type":"WebSite","@id":"https:\/\/gronfa.nl\/de\/#website","url":"https:\/\/gronfa.nl\/de\/","name":"Gronfa Procestechniek","description":"Ideale Mischung aus Qualit\u00e4t und Service","publisher":{"@id":"https:\/\/gronfa.nl\/de\/#organization"},"potentialAction":[{"@type":"SearchAction","target":{"@type":"EntryPoint","urlTemplate":"https:\/\/gronfa.nl\/de\/?s={search_term_string}"},"query-input":{"@type":"PropertyValueSpecification","valueRequired":true,"valueName":"search_term_string"}}],"inLanguage":"de-DE"},{"@type":"Organization","@id":"https:\/\/gronfa.nl\/de\/#organization","name":"Gronfa Procestechniek B.V.","url":"https:\/\/gronfa.nl\/de\/","logo":{"@type":"ImageObject","inLanguage":"de-DE","@id":"https:\/\/gronfa.nl\/de\/#\/schema\/logo\/image\/","url":"https:\/\/gronfa.nl\/app\/uploads\/2022\/02\/logo-gronfa-procestechniek.svg","contentUrl":"https:\/\/gronfa.nl\/app\/uploads\/2022\/02\/logo-gronfa-procestechniek.svg","width":241,"height":90,"caption":"Gronfa Procestechniek B.V."},"image":{"@id":"https:\/\/gronfa.nl\/de\/#\/schema\/logo\/image\/"},"sameAs":["https:\/\/www.linkedin.com\/company\/gronfa-procestechniek-b.v.\/"]}]}},"_links":{"self":[{"href":"https:\/\/gronfa.nl\/de\/wp-json\/wp\/v2\/pages\/1566","targetHints":{"allow":["GET"]}}],"collection":[{"href":"https:\/\/gronfa.nl\/de\/wp-json\/wp\/v2\/pages"}],"about":[{"href":"https:\/\/gronfa.nl\/de\/wp-json\/wp\/v2\/types\/page"}],"author":[{"embeddable":true,"href":"https:\/\/gronfa.nl\/de\/wp-json\/wp\/v2\/users\/1"}],"replies":[{"embeddable":true,"href":"https:\/\/gronfa.nl\/de\/wp-json\/wp\/v2\/comments?post=1566"}],"version-history":[{"count":4,"href":"https:\/\/gronfa.nl\/de\/wp-json\/wp\/v2\/pages\/1566\/revisions"}],"predecessor-version":[{"id":1742,"href":"https:\/\/gronfa.nl\/de\/wp-json\/wp\/v2\/pages\/1566\/revisions\/1742"}],"up":[{"embeddable":true,"href":"https:\/\/gronfa.nl\/de\/wp-json\/wp\/v2\/pages\/1559"}],"wp:attachment":[{"href":"https:\/\/gronfa.nl\/de\/wp-json\/wp\/v2\/media?parent=1566"}],"curies":[{"name":"wp","href":"https:\/\/api.w.org\/{rel}","templated":true}]}}