{"id":1587,"date":"2021-06-18T11:18:32","date_gmt":"2021-06-18T09:18:32","guid":{"rendered":"https:\/\/gronfa.nl\/branchen\/chemische-industrie\/"},"modified":"2021-12-15T14:22:11","modified_gmt":"2021-12-15T13:22:11","slug":"chemieindustrie","status":"publish","type":"page","link":"https:\/\/gronfa.nl\/de\/branchen\/chemieindustrie\/","title":{"rendered":"Chemieindustrie"},"content":{"rendered":"\n<p>Gronfa besitzt eine breite Basis in den folgenden chemischen Schl\u00fcsselindustrien:<\/p>\n\n\n\n<ul class=\"wp-block-list\"><li>Industrielle Reinigung<\/li><li>Kosmetika<\/li><li>\u00d6le<\/li><li>Feinchemikalien<\/li><li>Farben und Lacke<\/li><\/ul>\n\n\n\n<p>Diese Segmente sind f\u00fcr ihre gro\u00dfe Vielfalt an Produkten und Verfahren bekannt. Da erfordert es einen zupackenden und flexiblen Lieferanten, der \u00fcber Fachwissen in vielen Bereichen verf\u00fcgt.<\/p>\n","protected":false},"excerpt":{"rendered":"<p>Gronfa besitzt eine breite Basis in den folgenden chemischen Schl\u00fcsselindustrien: Industrielle Reinigung Kosmetika \u00d6le Feinchemikalien Farben und Lacke Diese Segmente sind f\u00fcr ihre gro\u00dfe Vielfalt an Produkten und Verfahren bekannt. Da erfordert es einen zupackenden und flexiblen Lieferanten, der \u00fcber Fachwissen in vielen Bereichen verf\u00fcgt.<\/p>\n","protected":false},"author":1,"featured_media":0,"parent":1559,"menu_order":3,"comment_status":"closed","ping_status":"closed","template":"template-single-industry.blade.php","meta":{"_acf_changed":false,"inline_featured_image":false,"footnotes":""},"class_list":["post-1587","page","type-page","status-publish","hentry"],"acf":[],"yoast_head":"<!-- This site is optimized with the Yoast SEO plugin v26.9 - https:\/\/yoast.com\/product\/yoast-seo-wordpress\/ -->\n<title>Chemieindustrie - Gronfa Procestechniek<\/title>\n<meta name=\"robots\" content=\"index, follow, max-snippet:-1, max-image-preview:large, max-video-preview:-1\" \/>\n<link rel=\"canonical\" href=\"https:\/\/gronfa.nl\/de\/branchen\/chemieindustrie\/\" \/>\n<meta property=\"og:locale\" content=\"de_DE\" \/>\n<meta property=\"og:type\" content=\"article\" \/>\n<meta property=\"og:title\" content=\"Chemieindustrie - Gronfa Procestechniek\" \/>\n<meta property=\"og:description\" content=\"Gronfa besitzt eine breite Basis in den folgenden chemischen Schl\u00fcsselindustrien: Industrielle Reinigung Kosmetika \u00d6le Feinchemikalien Farben und Lacke Diese Segmente sind f\u00fcr ihre gro\u00dfe Vielfalt an Produkten und Verfahren bekannt. Da erfordert es einen zupackenden und flexiblen Lieferanten, der \u00fcber Fachwissen in vielen Bereichen verf\u00fcgt.\" \/>\n<meta property=\"og:url\" content=\"https:\/\/gronfa.nl\/de\/branchen\/chemieindustrie\/\" \/>\n<meta property=\"og:site_name\" content=\"Gronfa Procestechniek\" \/>\n<meta property=\"article:modified_time\" content=\"2021-12-15T13:22:11+00:00\" \/>\n<meta property=\"og:image\" content=\"https:\/\/gronfa.nl\/app\/uploads\/2022\/02\/Open-graph-Gronfa-1024x538.png\" \/>\n\t<meta property=\"og:image:width\" content=\"1024\" \/>\n\t<meta property=\"og:image:height\" content=\"538\" \/>\n\t<meta property=\"og:image:type\" content=\"image\/png\" \/>\n<meta name=\"twitter:card\" content=\"summary_large_image\" \/>\n<meta name=\"twitter:label1\" content=\"Est. reading time\" \/>\n\t<meta name=\"twitter:data1\" content=\"1 minute\" \/>\n<script type=\"application\/ld+json\" class=\"yoast-schema-graph\">{\"@context\":\"https:\/\/schema.org\",\"@graph\":[{\"@type\":\"WebPage\",\"@id\":\"https:\/\/gronfa.nl\/de\/branchen\/chemieindustrie\/\",\"url\":\"https:\/\/gronfa.nl\/de\/branchen\/chemieindustrie\/\",\"name\":\"Chemieindustrie - Gronfa Procestechniek\",\"isPartOf\":{\"@id\":\"https:\/\/gronfa.nl\/de\/#website\"},\"datePublished\":\"2021-06-18T09:18:32+00:00\",\"dateModified\":\"2021-12-15T13:22:11+00:00\",\"breadcrumb\":{\"@id\":\"https:\/\/gronfa.nl\/de\/branchen\/chemieindustrie\/#breadcrumb\"},\"inLanguage\":\"de-DE\",\"potentialAction\":[{\"@type\":\"ReadAction\",\"target\":[\"https:\/\/gronfa.nl\/de\/branchen\/chemieindustrie\/\"]}]},{\"@type\":\"BreadcrumbList\",\"@id\":\"https:\/\/gronfa.nl\/de\/branchen\/chemieindustrie\/#breadcrumb\",\"itemListElement\":[{\"@type\":\"ListItem\",\"position\":1,\"name\":\"Home\",\"item\":\"https:\/\/gronfa.nl\/de\/\"},{\"@type\":\"ListItem\",\"position\":2,\"name\":\"Branchen\",\"item\":\"https:\/\/gronfa.nl\/de\/branchen\/\"},{\"@type\":\"ListItem\",\"position\":3,\"name\":\"Chemieindustrie\"}]},{\"@type\":\"WebSite\",\"@id\":\"https:\/\/gronfa.nl\/de\/#website\",\"url\":\"https:\/\/gronfa.nl\/de\/\",\"name\":\"Gronfa Procestechniek\",\"description\":\"Ideale Mischung aus Qualit\u00e4t und Service\",\"publisher\":{\"@id\":\"https:\/\/gronfa.nl\/de\/#organization\"},\"potentialAction\":[{\"@type\":\"SearchAction\",\"target\":{\"@type\":\"EntryPoint\",\"urlTemplate\":\"https:\/\/gronfa.nl\/de\/?s={search_term_string}\"},\"query-input\":{\"@type\":\"PropertyValueSpecification\",\"valueRequired\":true,\"valueName\":\"search_term_string\"}}],\"inLanguage\":\"de-DE\"},{\"@type\":\"Organization\",\"@id\":\"https:\/\/gronfa.nl\/de\/#organization\",\"name\":\"Gronfa Procestechniek B.V.\",\"url\":\"https:\/\/gronfa.nl\/de\/\",\"logo\":{\"@type\":\"ImageObject\",\"inLanguage\":\"de-DE\",\"@id\":\"https:\/\/gronfa.nl\/de\/#\/schema\/logo\/image\/\",\"url\":\"https:\/\/gronfa.nl\/app\/uploads\/2022\/02\/logo-gronfa-procestechniek.svg\",\"contentUrl\":\"https:\/\/gronfa.nl\/app\/uploads\/2022\/02\/logo-gronfa-procestechniek.svg\",\"width\":241,\"height\":90,\"caption\":\"Gronfa Procestechniek B.V.\"},\"image\":{\"@id\":\"https:\/\/gronfa.nl\/de\/#\/schema\/logo\/image\/\"},\"sameAs\":[\"https:\/\/www.linkedin.com\/company\/gronfa-procestechniek-b.v.\/\"]}]}<\/script>\n<!-- \/ Yoast SEO plugin. -->","yoast_head_json":{"title":"Chemieindustrie - Gronfa Procestechniek","robots":{"index":"index","follow":"follow","max-snippet":"max-snippet:-1","max-image-preview":"max-image-preview:large","max-video-preview":"max-video-preview:-1"},"canonical":"https:\/\/gronfa.nl\/de\/branchen\/chemieindustrie\/","og_locale":"de_DE","og_type":"article","og_title":"Chemieindustrie - Gronfa Procestechniek","og_description":"Gronfa besitzt eine breite Basis in den folgenden chemischen Schl\u00fcsselindustrien: Industrielle Reinigung Kosmetika \u00d6le Feinchemikalien Farben und Lacke Diese Segmente sind f\u00fcr ihre gro\u00dfe Vielfalt an Produkten und Verfahren bekannt. Da erfordert es einen zupackenden und flexiblen Lieferanten, der \u00fcber Fachwissen in vielen Bereichen verf\u00fcgt.","og_url":"https:\/\/gronfa.nl\/de\/branchen\/chemieindustrie\/","og_site_name":"Gronfa Procestechniek","article_modified_time":"2021-12-15T13:22:11+00:00","og_image":[{"width":1024,"height":538,"url":"https:\/\/gronfa.nl\/app\/uploads\/2022\/02\/Open-graph-Gronfa-1024x538.png","type":"image\/png"}],"twitter_card":"summary_large_image","twitter_misc":{"Est. reading time":"1 minute"},"schema":{"@context":"https:\/\/schema.org","@graph":[{"@type":"WebPage","@id":"https:\/\/gronfa.nl\/de\/branchen\/chemieindustrie\/","url":"https:\/\/gronfa.nl\/de\/branchen\/chemieindustrie\/","name":"Chemieindustrie - Gronfa Procestechniek","isPartOf":{"@id":"https:\/\/gronfa.nl\/de\/#website"},"datePublished":"2021-06-18T09:18:32+00:00","dateModified":"2021-12-15T13:22:11+00:00","breadcrumb":{"@id":"https:\/\/gronfa.nl\/de\/branchen\/chemieindustrie\/#breadcrumb"},"inLanguage":"de-DE","potentialAction":[{"@type":"ReadAction","target":["https:\/\/gronfa.nl\/de\/branchen\/chemieindustrie\/"]}]},{"@type":"BreadcrumbList","@id":"https:\/\/gronfa.nl\/de\/branchen\/chemieindustrie\/#breadcrumb","itemListElement":[{"@type":"ListItem","position":1,"name":"Home","item":"https:\/\/gronfa.nl\/de\/"},{"@type":"ListItem","position":2,"name":"Branchen","item":"https:\/\/gronfa.nl\/de\/branchen\/"},{"@type":"ListItem","position":3,"name":"Chemieindustrie"}]},{"@type":"WebSite","@id":"https:\/\/gronfa.nl\/de\/#website","url":"https:\/\/gronfa.nl\/de\/","name":"Gronfa Procestechniek","description":"Ideale Mischung aus Qualit\u00e4t und Service","publisher":{"@id":"https:\/\/gronfa.nl\/de\/#organization"},"potentialAction":[{"@type":"SearchAction","target":{"@type":"EntryPoint","urlTemplate":"https:\/\/gronfa.nl\/de\/?s={search_term_string}"},"query-input":{"@type":"PropertyValueSpecification","valueRequired":true,"valueName":"search_term_string"}}],"inLanguage":"de-DE"},{"@type":"Organization","@id":"https:\/\/gronfa.nl\/de\/#organization","name":"Gronfa Procestechniek B.V.","url":"https:\/\/gronfa.nl\/de\/","logo":{"@type":"ImageObject","inLanguage":"de-DE","@id":"https:\/\/gronfa.nl\/de\/#\/schema\/logo\/image\/","url":"https:\/\/gronfa.nl\/app\/uploads\/2022\/02\/logo-gronfa-procestechniek.svg","contentUrl":"https:\/\/gronfa.nl\/app\/uploads\/2022\/02\/logo-gronfa-procestechniek.svg","width":241,"height":90,"caption":"Gronfa Procestechniek B.V."},"image":{"@id":"https:\/\/gronfa.nl\/de\/#\/schema\/logo\/image\/"},"sameAs":["https:\/\/www.linkedin.com\/company\/gronfa-procestechniek-b.v.\/"]}]}},"_links":{"self":[{"href":"https:\/\/gronfa.nl\/de\/wp-json\/wp\/v2\/pages\/1587","targetHints":{"allow":["GET"]}}],"collection":[{"href":"https:\/\/gronfa.nl\/de\/wp-json\/wp\/v2\/pages"}],"about":[{"href":"https:\/\/gronfa.nl\/de\/wp-json\/wp\/v2\/types\/page"}],"author":[{"embeddable":true,"href":"https:\/\/gronfa.nl\/de\/wp-json\/wp\/v2\/users\/1"}],"replies":[{"embeddable":true,"href":"https:\/\/gronfa.nl\/de\/wp-json\/wp\/v2\/comments?post=1587"}],"version-history":[{"count":3,"href":"https:\/\/gronfa.nl\/de\/wp-json\/wp\/v2\/pages\/1587\/revisions"}],"predecessor-version":[{"id":1744,"href":"https:\/\/gronfa.nl\/de\/wp-json\/wp\/v2\/pages\/1587\/revisions\/1744"}],"up":[{"embeddable":true,"href":"https:\/\/gronfa.nl\/de\/wp-json\/wp\/v2\/pages\/1559"}],"wp:attachment":[{"href":"https:\/\/gronfa.nl\/de\/wp-json\/wp\/v2\/media?parent=1587"}],"curies":[{"name":"wp","href":"https:\/\/api.w.org\/{rel}","templated":true}]}}