{"id":1714,"date":"2021-06-22T16:27:42","date_gmt":"2021-06-22T14:27:42","guid":{"rendered":"https:\/\/gronfa.nl\/service-und-kontakt\/offerte-opvragen\/"},"modified":"2022-03-09T11:26:32","modified_gmt":"2022-03-09T10:26:32","slug":"angebot-anfordern","status":"publish","type":"page","link":"https:\/\/gronfa.nl\/de\/service-und-kontakt\/angebot-anfordern\/","title":{"rendered":"Angebot anfordern"},"content":{"rendered":"\n<h3 class=\"has-primary-color has-text-color wp-block-heading\">Haben Sie Fragen? M\u00f6chten Sie ein Angebot?<\/h3>\n\n\n\n<p>Sie haben eine Frage an unsere Verkaufs-, Technik-, Planungs-, Einkaufs- oder Finanzabteilung? Rufen Sie uns an oder schicken Sie uns eine E-Mail, indem Sie das unten stehende Formular ausf\u00fcllen. Sie k\u00f6nnen innerhalb von zwei Arbeitstagen eine Antwort von uns erwarten.<\/p>\n\n\n\n<p>M\u00f6chten Sie, dass wir einen Anruf zu einem bestimmten Zeitpunkt vereinbaren? Hinterlassen Sie uns bitte einen Hinweis in Ihrer Nachricht.<\/p>\n\n\n\n<p>Haben Sie eine Frage zum Kundenservice? Gehen Sie bitte auf &#8220;Service und Kontakt&#8221; &#8211; Men\u00fcpunkt &#8220;St\u00f6rung \/ Teile&#8221; und senden Sie uns Ihr Anliegen.<\/p>\n\n\n\n<div class=\"wpcf7 no-js\" id=\"wpcf7-f2024-o1\" lang=\"de-DE\" dir=\"ltr\" data-wpcf7-id=\"2024\">\n<div class=\"screen-reader-response\"><p role=\"status\" aria-live=\"polite\" aria-atomic=\"true\"><\/p> <ul><\/ul><\/div>\n<form action=\"\/de\/wp-json\/wp\/v2\/pages\/1714#wpcf7-f2024-o1\" method=\"post\" class=\"wpcf7-form init\" aria-label=\"Contact form\" novalidate=\"novalidate\" data-status=\"init\">\n<fieldset class=\"hidden-fields-container\"><input type=\"hidden\" name=\"_wpcf7\" value=\"2024\" \/><input type=\"hidden\" name=\"_wpcf7_version\" value=\"6.1.4\" \/><input type=\"hidden\" name=\"_wpcf7_locale\" value=\"de_DE\" \/><input type=\"hidden\" name=\"_wpcf7_unit_tag\" value=\"wpcf7-f2024-o1\" \/><input type=\"hidden\" name=\"_wpcf7_container_post\" value=\"0\" \/><input type=\"hidden\" name=\"_wpcf7_posted_data_hash\" value=\"\" \/><input type=\"hidden\" name=\"_wpcf7_recaptcha_response\" value=\"\" \/>\n<\/fieldset>\n<div class=\"wpcf7-response-output\" aria-hidden=\"true\"><\/div>\n<div class=\"row\">\n\t<div class=\"col-12 col-xl-6 col-xxxl-4\">\n\t\t<div class=\"form-group\">\n\t\t\t<p><label for=\"your-name\">Dein Name<span class=\"text-danger\">*<\/span><\/label><br \/>\n<span class=\"wpcf7-form-control-wrap\" data-name=\"your-name\"><input size=\"40\" maxlength=\"400\" class=\"wpcf7-form-control wpcf7-text wpcf7-validates-as-required form-control form-control-lg\" id=\"your-name\" aria-required=\"true\" aria-invalid=\"false\" value=\"\" type=\"text\" name=\"your-name\" \/><\/span>\n\t\t\t<\/p>\n\t\t<\/div>\n\t<\/div>\n\t<div class=\"col-12 col-xl-6 col-xxxl-4\">\n\t\t<div class=\"form-group\">\n\t\t\t<p><label for=\"phone\">Deine Telefonnummer <span class=\"text-danger\">*<\/span><\/label><br \/>\n<span class=\"wpcf7-form-control-wrap\" data-name=\"phone\"><input size=\"40\" maxlength=\"400\" class=\"wpcf7-form-control wpcf7-text wpcf7-validates-as-required form-control form-control-lg\" id=\"phone\" aria-required=\"true\" aria-invalid=\"false\" value=\"\" type=\"text\" name=\"phone\" \/><\/span>\n\t\t\t<\/p>\n\t\t<\/div>\n\t<\/div>\n\t<div class=\"col-12 col-xl-12 col-xxxl-4\">\n\t\t<div class=\"form-group\">\n\t\t\t<p><label for=\"email\">Ihre E-Mail-Adresse <span class=\"text-danger\">*<\/span><\/label><br \/>\n<span class=\"wpcf7-form-control-wrap\" data-name=\"email\"><input size=\"40\" maxlength=\"400\" class=\"wpcf7-form-control wpcf7-email wpcf7-validates-as-required wpcf7-text wpcf7-validates-as-email form-control form-control-lg\" id=\"email\" aria-required=\"true\" aria-invalid=\"false\" value=\"\" type=\"email\" name=\"email\" \/><\/span>\n\t\t\t<\/p>\n\t\t<\/div>\n\t<\/div>\n<\/div>\n<div class=\"row\">\n\t<div class=\"col-12\">\n\t\t<div class=\"form-group\">\n\t\t\t<p><label for=\"question\">Ihre Frage\/Nachricht <span class=\"text-danger\">*<\/span><\/label><br \/>\n<span class=\"wpcf7-form-control-wrap\" data-name=\"question\"><textarea cols=\"40\" rows=\"10\" maxlength=\"2000\" class=\"wpcf7-form-control wpcf7-textarea wpcf7-validates-as-required form-control form-control-lg\" id=\"question\" aria-required=\"true\" aria-invalid=\"false\" name=\"question\"><\/textarea><\/span>\n\t\t\t<\/p>\n\t\t<\/div>\n\t<\/div>\n\t<div class=\"col-12\">\n\t\t<p><input class=\"wpcf7-form-control wpcf7-submit has-spinner btn btn-primary btn-s btn-xl-normal btn-xxxl-m\" type=\"submit\" value=\"Senden\" \/>\n\t\t<\/p>\n\t<\/div>\n<\/div>\n<p class=\"fs-p14\"><em>Wir verwenden die Informationen, die Sie hier eingeben, nur, um Sie zu kontaktieren.<\/em>\n<\/p>\n<\/form>\n<\/div>\n\n","protected":false},"excerpt":{"rendered":"<p>Haben Sie Fragen? M\u00f6chten Sie ein Angebot? Sie haben eine Frage an unsere Verkaufs-, Technik-, Planungs-, Einkaufs- oder Finanzabteilung? Rufen Sie uns an oder schicken Sie uns eine E-Mail, indem Sie das unten stehende Formular ausf\u00fcllen. Sie k\u00f6nnen innerhalb von zwei Arbeitstagen eine Antwort von uns erwarten. M\u00f6chten Sie, dass wir einen Anruf zu einem &hellip; <a href=\"https:\/\/gronfa.nl\/de\/service-und-kontakt\/angebot-anfordern\/\">Continued<\/a><\/p>\n","protected":false},"author":1,"featured_media":0,"parent":1431,"menu_order":1,"comment_status":"closed","ping_status":"closed","template":"template-contact-sidebar.blade.php","meta":{"_acf_changed":false,"inline_featured_image":false,"footnotes":""},"class_list":["post-1714","page","type-page","status-publish","hentry"],"acf":[],"yoast_head":"<!-- This site is optimized with the Yoast SEO plugin v26.8 - https:\/\/yoast.com\/product\/yoast-seo-wordpress\/ -->\n<title>Angebot anfordern - Gronfa Procestechniek<\/title>\n<meta name=\"robots\" content=\"index, follow, max-snippet:-1, max-image-preview:large, max-video-preview:-1\" \/>\n<link rel=\"canonical\" href=\"https:\/\/gronfa.nl\/de\/service-und-kontakt\/angebot-anfordern\/\" \/>\n<meta property=\"og:locale\" content=\"de_DE\" \/>\n<meta property=\"og:type\" content=\"article\" \/>\n<meta property=\"og:title\" content=\"Angebot anfordern - Gronfa Procestechniek\" \/>\n<meta property=\"og:description\" content=\"Haben Sie Fragen? M\u00f6chten Sie ein Angebot? Sie haben eine Frage an unsere Verkaufs-, Technik-, Planungs-, Einkaufs- oder Finanzabteilung? Rufen Sie uns an oder schicken Sie uns eine E-Mail, indem Sie das unten stehende Formular ausf\u00fcllen. Sie k\u00f6nnen innerhalb von zwei Arbeitstagen eine Antwort von uns erwarten. M\u00f6chten Sie, dass wir einen Anruf zu einem &hellip; Continued\" \/>\n<meta property=\"og:url\" content=\"https:\/\/gronfa.nl\/de\/service-und-kontakt\/angebot-anfordern\/\" \/>\n<meta property=\"og:site_name\" content=\"Gronfa Procestechniek\" \/>\n<meta property=\"article:modified_time\" content=\"2022-03-09T10:26:32+00:00\" \/>\n<meta property=\"og:image\" content=\"https:\/\/gronfa.nl\/app\/uploads\/2022\/02\/Open-graph-Gronfa-1024x538.png\" \/>\n\t<meta property=\"og:image:width\" content=\"1024\" \/>\n\t<meta property=\"og:image:height\" content=\"538\" \/>\n\t<meta property=\"og:image:type\" content=\"image\/png\" \/>\n<meta name=\"twitter:card\" content=\"summary_large_image\" \/>\n<meta name=\"twitter:label1\" content=\"Est. reading time\" \/>\n\t<meta name=\"twitter:data1\" content=\"1 minute\" \/>\n<script type=\"application\/ld+json\" class=\"yoast-schema-graph\">{\"@context\":\"https:\/\/schema.org\",\"@graph\":[{\"@type\":\"WebPage\",\"@id\":\"https:\/\/gronfa.nl\/de\/service-und-kontakt\/angebot-anfordern\/\",\"url\":\"https:\/\/gronfa.nl\/de\/service-und-kontakt\/angebot-anfordern\/\",\"name\":\"Angebot anfordern - Gronfa Procestechniek\",\"isPartOf\":{\"@id\":\"https:\/\/gronfa.nl\/de\/#website\"},\"datePublished\":\"2021-06-22T14:27:42+00:00\",\"dateModified\":\"2022-03-09T10:26:32+00:00\",\"breadcrumb\":{\"@id\":\"https:\/\/gronfa.nl\/de\/service-und-kontakt\/angebot-anfordern\/#breadcrumb\"},\"inLanguage\":\"de-DE\",\"potentialAction\":[{\"@type\":\"ReadAction\",\"target\":[\"https:\/\/gronfa.nl\/de\/service-und-kontakt\/angebot-anfordern\/\"]}]},{\"@type\":\"BreadcrumbList\",\"@id\":\"https:\/\/gronfa.nl\/de\/service-und-kontakt\/angebot-anfordern\/#breadcrumb\",\"itemListElement\":[{\"@type\":\"ListItem\",\"position\":1,\"name\":\"Home\",\"item\":\"https:\/\/gronfa.nl\/de\/\"},{\"@type\":\"ListItem\",\"position\":2,\"name\":\"Service und Kontakt\",\"item\":\"https:\/\/gronfa.nl\/de\/service-und-kontakt\/\"},{\"@type\":\"ListItem\",\"position\":3,\"name\":\"Angebot anfordern\"}]},{\"@type\":\"WebSite\",\"@id\":\"https:\/\/gronfa.nl\/de\/#website\",\"url\":\"https:\/\/gronfa.nl\/de\/\",\"name\":\"Gronfa Procestechniek\",\"description\":\"Ideale Mischung aus Qualit\u00e4t und Service\",\"publisher\":{\"@id\":\"https:\/\/gronfa.nl\/de\/#organization\"},\"potentialAction\":[{\"@type\":\"SearchAction\",\"target\":{\"@type\":\"EntryPoint\",\"urlTemplate\":\"https:\/\/gronfa.nl\/de\/?s={search_term_string}\"},\"query-input\":{\"@type\":\"PropertyValueSpecification\",\"valueRequired\":true,\"valueName\":\"search_term_string\"}}],\"inLanguage\":\"de-DE\"},{\"@type\":\"Organization\",\"@id\":\"https:\/\/gronfa.nl\/de\/#organization\",\"name\":\"Gronfa Procestechniek B.V.\",\"url\":\"https:\/\/gronfa.nl\/de\/\",\"logo\":{\"@type\":\"ImageObject\",\"inLanguage\":\"de-DE\",\"@id\":\"https:\/\/gronfa.nl\/de\/#\/schema\/logo\/image\/\",\"url\":\"https:\/\/gronfa.nl\/app\/uploads\/2022\/02\/logo-gronfa-procestechniek.svg\",\"contentUrl\":\"https:\/\/gronfa.nl\/app\/uploads\/2022\/02\/logo-gronfa-procestechniek.svg\",\"width\":241,\"height\":90,\"caption\":\"Gronfa Procestechniek B.V.\"},\"image\":{\"@id\":\"https:\/\/gronfa.nl\/de\/#\/schema\/logo\/image\/\"},\"sameAs\":[\"https:\/\/www.linkedin.com\/company\/gronfa-procestechniek-b.v.\/\"]}]}<\/script>\n<!-- \/ Yoast SEO plugin. -->","yoast_head_json":{"title":"Angebot anfordern - Gronfa Procestechniek","robots":{"index":"index","follow":"follow","max-snippet":"max-snippet:-1","max-image-preview":"max-image-preview:large","max-video-preview":"max-video-preview:-1"},"canonical":"https:\/\/gronfa.nl\/de\/service-und-kontakt\/angebot-anfordern\/","og_locale":"de_DE","og_type":"article","og_title":"Angebot anfordern - Gronfa Procestechniek","og_description":"Haben Sie Fragen? M\u00f6chten Sie ein Angebot? Sie haben eine Frage an unsere Verkaufs-, Technik-, Planungs-, Einkaufs- oder Finanzabteilung? Rufen Sie uns an oder schicken Sie uns eine E-Mail, indem Sie das unten stehende Formular ausf\u00fcllen. Sie k\u00f6nnen innerhalb von zwei Arbeitstagen eine Antwort von uns erwarten. M\u00f6chten Sie, dass wir einen Anruf zu einem &hellip; Continued","og_url":"https:\/\/gronfa.nl\/de\/service-und-kontakt\/angebot-anfordern\/","og_site_name":"Gronfa Procestechniek","article_modified_time":"2022-03-09T10:26:32+00:00","og_image":[{"width":1024,"height":538,"url":"https:\/\/gronfa.nl\/app\/uploads\/2022\/02\/Open-graph-Gronfa-1024x538.png","type":"image\/png"}],"twitter_card":"summary_large_image","twitter_misc":{"Est. reading time":"1 minute"},"schema":{"@context":"https:\/\/schema.org","@graph":[{"@type":"WebPage","@id":"https:\/\/gronfa.nl\/de\/service-und-kontakt\/angebot-anfordern\/","url":"https:\/\/gronfa.nl\/de\/service-und-kontakt\/angebot-anfordern\/","name":"Angebot anfordern - Gronfa Procestechniek","isPartOf":{"@id":"https:\/\/gronfa.nl\/de\/#website"},"datePublished":"2021-06-22T14:27:42+00:00","dateModified":"2022-03-09T10:26:32+00:00","breadcrumb":{"@id":"https:\/\/gronfa.nl\/de\/service-und-kontakt\/angebot-anfordern\/#breadcrumb"},"inLanguage":"de-DE","potentialAction":[{"@type":"ReadAction","target":["https:\/\/gronfa.nl\/de\/service-und-kontakt\/angebot-anfordern\/"]}]},{"@type":"BreadcrumbList","@id":"https:\/\/gronfa.nl\/de\/service-und-kontakt\/angebot-anfordern\/#breadcrumb","itemListElement":[{"@type":"ListItem","position":1,"name":"Home","item":"https:\/\/gronfa.nl\/de\/"},{"@type":"ListItem","position":2,"name":"Service und Kontakt","item":"https:\/\/gronfa.nl\/de\/service-und-kontakt\/"},{"@type":"ListItem","position":3,"name":"Angebot anfordern"}]},{"@type":"WebSite","@id":"https:\/\/gronfa.nl\/de\/#website","url":"https:\/\/gronfa.nl\/de\/","name":"Gronfa Procestechniek","description":"Ideale Mischung aus Qualit\u00e4t und Service","publisher":{"@id":"https:\/\/gronfa.nl\/de\/#organization"},"potentialAction":[{"@type":"SearchAction","target":{"@type":"EntryPoint","urlTemplate":"https:\/\/gronfa.nl\/de\/?s={search_term_string}"},"query-input":{"@type":"PropertyValueSpecification","valueRequired":true,"valueName":"search_term_string"}}],"inLanguage":"de-DE"},{"@type":"Organization","@id":"https:\/\/gronfa.nl\/de\/#organization","name":"Gronfa Procestechniek B.V.","url":"https:\/\/gronfa.nl\/de\/","logo":{"@type":"ImageObject","inLanguage":"de-DE","@id":"https:\/\/gronfa.nl\/de\/#\/schema\/logo\/image\/","url":"https:\/\/gronfa.nl\/app\/uploads\/2022\/02\/logo-gronfa-procestechniek.svg","contentUrl":"https:\/\/gronfa.nl\/app\/uploads\/2022\/02\/logo-gronfa-procestechniek.svg","width":241,"height":90,"caption":"Gronfa Procestechniek B.V."},"image":{"@id":"https:\/\/gronfa.nl\/de\/#\/schema\/logo\/image\/"},"sameAs":["https:\/\/www.linkedin.com\/company\/gronfa-procestechniek-b.v.\/"]}]}},"_links":{"self":[{"href":"https:\/\/gronfa.nl\/de\/wp-json\/wp\/v2\/pages\/1714","targetHints":{"allow":["GET"]}}],"collection":[{"href":"https:\/\/gronfa.nl\/de\/wp-json\/wp\/v2\/pages"}],"about":[{"href":"https:\/\/gronfa.nl\/de\/wp-json\/wp\/v2\/types\/page"}],"author":[{"embeddable":true,"href":"https:\/\/gronfa.nl\/de\/wp-json\/wp\/v2\/users\/1"}],"replies":[{"embeddable":true,"href":"https:\/\/gronfa.nl\/de\/wp-json\/wp\/v2\/comments?post=1714"}],"version-history":[{"count":4,"href":"https:\/\/gronfa.nl\/de\/wp-json\/wp\/v2\/pages\/1714\/revisions"}],"predecessor-version":[{"id":2121,"href":"https:\/\/gronfa.nl\/de\/wp-json\/wp\/v2\/pages\/1714\/revisions\/2121"}],"up":[{"embeddable":true,"href":"https:\/\/gronfa.nl\/de\/wp-json\/wp\/v2\/pages\/1431"}],"wp:attachment":[{"href":"https:\/\/gronfa.nl\/de\/wp-json\/wp\/v2\/media?parent=1714"}],"curies":[{"name":"wp","href":"https:\/\/api.w.org\/{rel}","templated":true}]}}