{"id":540,"date":"2021-06-21T15:01:15","date_gmt":"2021-06-21T13:01:15","guid":{"rendered":"https:\/\/gronfa.nl\/?page_id=540"},"modified":"2021-12-15T11:39:18","modified_gmt":"2021-12-15T10:39:18","slug":"prozesstechnische-installation","status":"publish","type":"page","link":"https:\/\/gronfa.nl\/de\/produkte\/prozesstechnische-installation\/","title":{"rendered":"Prozesstechnische Installation"},"content":{"rendered":"\n<h2 class=\"h3 has-primary-color has-text-color wp-block-heading\">L\u00f6sungen, die \u00fcber die GRONFA Produkte hinausgehen<\/h2>\n\n\n\n<p>Vom Entwurf bis zur Umsetzung und Inbetriebnahme: alles aus einer Hand. GRONFA ist gerne bereit, Sie in dieser Hinsicht zu entlasten. Welche schl\u00fcsselfertigen Projekte kommen in Frage und welche nicht? Dies k\u00f6nnen wir gerne in einem weiteren Gespr\u00e4ch kl\u00e4ren.<\/p>\n\n\n\n<p>Letztlich m\u00fcssen wir als Gronfa in der Lage sein, unseren Kunden einen Mehrwert zu bieten. Da die GRONFA-Mischer, -Homogenisierer, -Abf\u00fcllstationen usw. oft mit anderen Ausr\u00fcstungen wie Tanks, Pumpen, Rohrleitungen, Messger\u00e4ten usw. zusammenarbeiten, bietet Gronfa die M\u00f6glichkeit schl\u00fcsselfertigen L\u00f6sungen zu liefern.<\/p>\n\n\n\n<p>Das Projekt sollte nat\u00fcrlich zu den verfahrenstechnischen Kenntnissen und Erfahrungen von Gronfa Procestechniek passen.<\/p>\n","protected":false},"excerpt":{"rendered":"<p>L\u00f6sungen, die \u00fcber die GRONFA Produkte hinausgehen Vom Entwurf bis zur Umsetzung und Inbetriebnahme: alles aus einer Hand. GRONFA ist gerne bereit, Sie in dieser Hinsicht zu entlasten. Welche schl\u00fcsselfertigen Projekte kommen in Frage und welche nicht? Dies k\u00f6nnen wir gerne in einem weiteren Gespr\u00e4ch kl\u00e4ren. Letztlich m\u00fcssen wir als Gronfa in der Lage sein, &hellip; <a href=\"https:\/\/gronfa.nl\/de\/produkte\/prozesstechnische-installation\/\">Continued<\/a><\/p>\n","protected":false},"author":1,"featured_media":0,"parent":518,"menu_order":4,"comment_status":"closed","ping_status":"closed","template":"template-single-product-group.blade.php","meta":{"_acf_changed":false,"inline_featured_image":false,"footnotes":""},"class_list":["post-540","page","type-page","status-publish","hentry"],"acf":[],"yoast_head":"<!-- This site is optimized with the Yoast SEO plugin v26.8 - https:\/\/yoast.com\/product\/yoast-seo-wordpress\/ -->\n<title>Prozesstechnische Installation - Gronfa Procestechniek<\/title>\n<meta name=\"robots\" content=\"index, follow, max-snippet:-1, max-image-preview:large, max-video-preview:-1\" \/>\n<link rel=\"canonical\" href=\"https:\/\/gronfa.nl\/de\/produkte\/prozesstechnische-installation\/\" \/>\n<meta property=\"og:locale\" content=\"de_DE\" \/>\n<meta property=\"og:type\" content=\"article\" \/>\n<meta property=\"og:title\" content=\"Prozesstechnische Installation - Gronfa Procestechniek\" \/>\n<meta property=\"og:description\" content=\"L\u00f6sungen, die \u00fcber die GRONFA Produkte hinausgehen Vom Entwurf bis zur Umsetzung und Inbetriebnahme: alles aus einer Hand. GRONFA ist gerne bereit, Sie in dieser Hinsicht zu entlasten. Welche schl\u00fcsselfertigen Projekte kommen in Frage und welche nicht? Dies k\u00f6nnen wir gerne in einem weiteren Gespr\u00e4ch kl\u00e4ren. Letztlich m\u00fcssen wir als Gronfa in der Lage sein, &hellip; Continued\" \/>\n<meta property=\"og:url\" content=\"https:\/\/gronfa.nl\/de\/produkte\/prozesstechnische-installation\/\" \/>\n<meta property=\"og:site_name\" content=\"Gronfa Procestechniek\" \/>\n<meta property=\"article:modified_time\" content=\"2021-12-15T10:39:18+00:00\" \/>\n<meta property=\"og:image\" content=\"https:\/\/gronfa.nl\/app\/uploads\/2022\/02\/Open-graph-Gronfa-1024x538.png\" \/>\n\t<meta property=\"og:image:width\" content=\"1024\" \/>\n\t<meta property=\"og:image:height\" content=\"538\" \/>\n\t<meta property=\"og:image:type\" content=\"image\/png\" \/>\n<meta name=\"twitter:card\" content=\"summary_large_image\" \/>\n<meta name=\"twitter:label1\" content=\"Est. reading time\" \/>\n\t<meta name=\"twitter:data1\" content=\"1 minute\" \/>\n<script type=\"application\/ld+json\" class=\"yoast-schema-graph\">{\"@context\":\"https:\/\/schema.org\",\"@graph\":[{\"@type\":\"WebPage\",\"@id\":\"https:\/\/gronfa.nl\/de\/produkte\/prozesstechnische-installation\/\",\"url\":\"https:\/\/gronfa.nl\/de\/produkte\/prozesstechnische-installation\/\",\"name\":\"Prozesstechnische Installation - Gronfa Procestechniek\",\"isPartOf\":{\"@id\":\"https:\/\/gronfa.nl\/de\/#website\"},\"datePublished\":\"2021-06-21T13:01:15+00:00\",\"dateModified\":\"2021-12-15T10:39:18+00:00\",\"breadcrumb\":{\"@id\":\"https:\/\/gronfa.nl\/de\/produkte\/prozesstechnische-installation\/#breadcrumb\"},\"inLanguage\":\"de-DE\",\"potentialAction\":[{\"@type\":\"ReadAction\",\"target\":[\"https:\/\/gronfa.nl\/de\/produkte\/prozesstechnische-installation\/\"]}]},{\"@type\":\"BreadcrumbList\",\"@id\":\"https:\/\/gronfa.nl\/de\/produkte\/prozesstechnische-installation\/#breadcrumb\",\"itemListElement\":[{\"@type\":\"ListItem\",\"position\":1,\"name\":\"Home\",\"item\":\"https:\/\/gronfa.nl\/de\/\"},{\"@type\":\"ListItem\",\"position\":2,\"name\":\"Produkte\",\"item\":\"https:\/\/gronfa.nl\/de\/produkte\/\"},{\"@type\":\"ListItem\",\"position\":3,\"name\":\"Prozesstechnische Installation\"}]},{\"@type\":\"WebSite\",\"@id\":\"https:\/\/gronfa.nl\/de\/#website\",\"url\":\"https:\/\/gronfa.nl\/de\/\",\"name\":\"Gronfa Procestechniek\",\"description\":\"Ideale Mischung aus Qualit\u00e4t und Service\",\"publisher\":{\"@id\":\"https:\/\/gronfa.nl\/de\/#organization\"},\"potentialAction\":[{\"@type\":\"SearchAction\",\"target\":{\"@type\":\"EntryPoint\",\"urlTemplate\":\"https:\/\/gronfa.nl\/de\/?s={search_term_string}\"},\"query-input\":{\"@type\":\"PropertyValueSpecification\",\"valueRequired\":true,\"valueName\":\"search_term_string\"}}],\"inLanguage\":\"de-DE\"},{\"@type\":\"Organization\",\"@id\":\"https:\/\/gronfa.nl\/de\/#organization\",\"name\":\"Gronfa Procestechniek B.V.\",\"url\":\"https:\/\/gronfa.nl\/de\/\",\"logo\":{\"@type\":\"ImageObject\",\"inLanguage\":\"de-DE\",\"@id\":\"https:\/\/gronfa.nl\/de\/#\/schema\/logo\/image\/\",\"url\":\"https:\/\/gronfa.nl\/app\/uploads\/2022\/02\/logo-gronfa-procestechniek.svg\",\"contentUrl\":\"https:\/\/gronfa.nl\/app\/uploads\/2022\/02\/logo-gronfa-procestechniek.svg\",\"width\":241,\"height\":90,\"caption\":\"Gronfa Procestechniek B.V.\"},\"image\":{\"@id\":\"https:\/\/gronfa.nl\/de\/#\/schema\/logo\/image\/\"},\"sameAs\":[\"https:\/\/www.linkedin.com\/company\/gronfa-procestechniek-b.v.\/\"]}]}<\/script>\n<!-- \/ Yoast SEO plugin. -->","yoast_head_json":{"title":"Prozesstechnische Installation - Gronfa Procestechniek","robots":{"index":"index","follow":"follow","max-snippet":"max-snippet:-1","max-image-preview":"max-image-preview:large","max-video-preview":"max-video-preview:-1"},"canonical":"https:\/\/gronfa.nl\/de\/produkte\/prozesstechnische-installation\/","og_locale":"de_DE","og_type":"article","og_title":"Prozesstechnische Installation - Gronfa Procestechniek","og_description":"L\u00f6sungen, die \u00fcber die GRONFA Produkte hinausgehen Vom Entwurf bis zur Umsetzung und Inbetriebnahme: alles aus einer Hand. GRONFA ist gerne bereit, Sie in dieser Hinsicht zu entlasten. Welche schl\u00fcsselfertigen Projekte kommen in Frage und welche nicht? Dies k\u00f6nnen wir gerne in einem weiteren Gespr\u00e4ch kl\u00e4ren. Letztlich m\u00fcssen wir als Gronfa in der Lage sein, &hellip; Continued","og_url":"https:\/\/gronfa.nl\/de\/produkte\/prozesstechnische-installation\/","og_site_name":"Gronfa Procestechniek","article_modified_time":"2021-12-15T10:39:18+00:00","og_image":[{"width":1024,"height":538,"url":"https:\/\/gronfa.nl\/app\/uploads\/2022\/02\/Open-graph-Gronfa-1024x538.png","type":"image\/png"}],"twitter_card":"summary_large_image","twitter_misc":{"Est. reading time":"1 minute"},"schema":{"@context":"https:\/\/schema.org","@graph":[{"@type":"WebPage","@id":"https:\/\/gronfa.nl\/de\/produkte\/prozesstechnische-installation\/","url":"https:\/\/gronfa.nl\/de\/produkte\/prozesstechnische-installation\/","name":"Prozesstechnische Installation - Gronfa Procestechniek","isPartOf":{"@id":"https:\/\/gronfa.nl\/de\/#website"},"datePublished":"2021-06-21T13:01:15+00:00","dateModified":"2021-12-15T10:39:18+00:00","breadcrumb":{"@id":"https:\/\/gronfa.nl\/de\/produkte\/prozesstechnische-installation\/#breadcrumb"},"inLanguage":"de-DE","potentialAction":[{"@type":"ReadAction","target":["https:\/\/gronfa.nl\/de\/produkte\/prozesstechnische-installation\/"]}]},{"@type":"BreadcrumbList","@id":"https:\/\/gronfa.nl\/de\/produkte\/prozesstechnische-installation\/#breadcrumb","itemListElement":[{"@type":"ListItem","position":1,"name":"Home","item":"https:\/\/gronfa.nl\/de\/"},{"@type":"ListItem","position":2,"name":"Produkte","item":"https:\/\/gronfa.nl\/de\/produkte\/"},{"@type":"ListItem","position":3,"name":"Prozesstechnische Installation"}]},{"@type":"WebSite","@id":"https:\/\/gronfa.nl\/de\/#website","url":"https:\/\/gronfa.nl\/de\/","name":"Gronfa Procestechniek","description":"Ideale Mischung aus Qualit\u00e4t und Service","publisher":{"@id":"https:\/\/gronfa.nl\/de\/#organization"},"potentialAction":[{"@type":"SearchAction","target":{"@type":"EntryPoint","urlTemplate":"https:\/\/gronfa.nl\/de\/?s={search_term_string}"},"query-input":{"@type":"PropertyValueSpecification","valueRequired":true,"valueName":"search_term_string"}}],"inLanguage":"de-DE"},{"@type":"Organization","@id":"https:\/\/gronfa.nl\/de\/#organization","name":"Gronfa Procestechniek B.V.","url":"https:\/\/gronfa.nl\/de\/","logo":{"@type":"ImageObject","inLanguage":"de-DE","@id":"https:\/\/gronfa.nl\/de\/#\/schema\/logo\/image\/","url":"https:\/\/gronfa.nl\/app\/uploads\/2022\/02\/logo-gronfa-procestechniek.svg","contentUrl":"https:\/\/gronfa.nl\/app\/uploads\/2022\/02\/logo-gronfa-procestechniek.svg","width":241,"height":90,"caption":"Gronfa Procestechniek B.V."},"image":{"@id":"https:\/\/gronfa.nl\/de\/#\/schema\/logo\/image\/"},"sameAs":["https:\/\/www.linkedin.com\/company\/gronfa-procestechniek-b.v.\/"]}]}},"_links":{"self":[{"href":"https:\/\/gronfa.nl\/de\/wp-json\/wp\/v2\/pages\/540","targetHints":{"allow":["GET"]}}],"collection":[{"href":"https:\/\/gronfa.nl\/de\/wp-json\/wp\/v2\/pages"}],"about":[{"href":"https:\/\/gronfa.nl\/de\/wp-json\/wp\/v2\/types\/page"}],"author":[{"embeddable":true,"href":"https:\/\/gronfa.nl\/de\/wp-json\/wp\/v2\/users\/1"}],"replies":[{"embeddable":true,"href":"https:\/\/gronfa.nl\/de\/wp-json\/wp\/v2\/comments?post=540"}],"version-history":[{"count":5,"href":"https:\/\/gronfa.nl\/de\/wp-json\/wp\/v2\/pages\/540\/revisions"}],"predecessor-version":[{"id":1670,"href":"https:\/\/gronfa.nl\/de\/wp-json\/wp\/v2\/pages\/540\/revisions\/1670"}],"up":[{"embeddable":true,"href":"https:\/\/gronfa.nl\/de\/wp-json\/wp\/v2\/pages\/518"}],"wp:attachment":[{"href":"https:\/\/gronfa.nl\/de\/wp-json\/wp\/v2\/media?parent=540"}],"curies":[{"name":"wp","href":"https:\/\/api.w.org\/{rel}","templated":true}]}}